{"id":1001436,"date":"2016-10-03T22:52:40","date_gmt":"2016-10-03T22:52:40","guid":{"rendered":"http:\/\/www.valedorosmaninho.com\/?page_id=1001436"},"modified":"2016-10-03T22:52:40","modified_gmt":"2016-10-03T22:52:40","slug":"alimentacao","status":"publish","type":"page","link":"https:\/\/valedorosmaninho.com\/es\/encomendas\/alimentacao\/","title":{"rendered":"Alimenta\u00e7\u00e3o Ap\u00edcola"},"content":{"rendered":"","protected":false},"excerpt":{"rendered":"","protected":false},"author":1,"featured_media":0,"parent":1000973,"menu_order":0,"comment_status":"closed","ping_status":"closed","template":"","meta":{"inline_featured_image":false,"_joinchat":[],"footnotes":""},"class_list":["post-1001436","page","type-page","status-publish","hentry"],"_links":{"self":[{"href":"https:\/\/valedorosmaninho.com\/es\/wp-json\/wp\/v2\/pages\/1001436","targetHints":{"allow":["GET"]}}],"collection":[{"href":"https:\/\/valedorosmaninho.com\/es\/wp-json\/wp\/v2\/pages"}],"about":[{"href":"https:\/\/valedorosmaninho.com\/es\/wp-json\/wp\/v2\/types\/page"}],"author":[{"embeddable":true,"href":"https:\/\/valedorosmaninho.com\/es\/wp-json\/wp\/v2\/users\/1"}],"replies":[{"embeddable":true,"href":"https:\/\/valedorosmaninho.com\/es\/wp-json\/wp\/v2\/comments?post=1001436"}],"version-history":[{"count":1,"href":"https:\/\/valedorosmaninho.com\/es\/wp-json\/wp\/v2\/pages\/1001436\/revisions"}],"predecessor-version":[{"id":1001437,"href":"https:\/\/valedorosmaninho.com\/es\/wp-json\/wp\/v2\/pages\/1001436\/revisions\/1001437"}],"up":[{"embeddable":true,"href":"https:\/\/valedorosmaninho.com\/es\/wp-json\/wp\/v2\/pages\/1000973"}],"wp:attachment":[{"href":"https:\/\/valedorosmaninho.com\/es\/wp-json\/wp\/v2\/media?parent=1001436"}],"curies":[{"name":"wp","href":"https:\/\/api.w.org\/{rel}","templated":true}]}}