{"id":1001476,"date":"2016-10-10T11:51:38","date_gmt":"2016-10-10T11:51:38","guid":{"rendered":"http:\/\/www.valedorosmaninho.com\/?page_id=1001476"},"modified":"2024-11-08T13:00:42","modified_gmt":"2024-11-08T13:00:42","slug":"termoscondicoes","status":"publish","type":"page","link":"https:\/\/valedorosmaninho.com\/es\/termoscondicoes\/","title":{"rendered":"T\u00e9rminos y Condiciones"},"content":{"rendered":"[vc_row][vc_column][vc_column_text css=&#8221;.vc_custom_1731070835899{margin-bottom: 0px !important;}&#8221;]\n<p style=\"text-align: center;\"><strong>Condiciones de Venta<\/strong><\/p>\n<p>Los pedidos se entregan respetando el principio de \u201c<strong>primer pedido, primera entrega<\/strong>\u201d y \u201c\u00faltimo pedido, \u00faltima entrega\u201d.<\/p>\n<p>Para pedidos de reinas fecundadas, se recomienda consultar su disponibilidad para las fechas seleccionadas.<\/p>\n<p>En caso de muerte de una o m\u00e1s reinas durante el transporte, es necesario proporcionar pruebas mediante el env\u00edo de fotograf\u00edas y\/o v\u00eddeos con la calidad suficiente para confirmar lo sucedido. Si se confirma la responsabilidad de la empresa de expedici\u00f3n en la muerte de las reinas, la empresa Vale Do Rosmaninho asumir\u00e1 la responsabilidad de lo ocurrido, enviando nuevas reinas en un tiempo razonable (seg\u00fan disponibilidad). El cliente s\u00f3lo estar\u00e1 obligado a pagar nuevamente los costos de transporte del nuevo env\u00edo.<\/p>\n<p>Los per\u00edodos de entrega de las reinas son semanales, con env\u00edos de lunes a jueves, y con entrega en 24 horas; sin embargo, pueden ocurrir retrasos debido a problemas en MRW o CTT Expresso (aver\u00edas de veh\u00edculos, per\u00edodos de vacaciones, festivos municipales, Pascua, etc.).<\/p>\n<p>En el caso de adquirir reinas para reventa, es obligatorio mantener los registros de los clientes finales, proporcionando sus contactos si son solicitados por la Direcci\u00f3n General de Alimentaci\u00f3n y Veterinaria (DGAV) para permitir la trazabilidad del material vivo producido.<\/p>\n<p>Es obligatorio el pago previo de los pedidos, y estos se registrar\u00e1n y enviar\u00e1n una vez confirmado dicho pago.<\/p>\n<p>Las condiciones meteorol\u00f3gicas, los factores bi\u00f3ticos, as\u00ed como las tasas de \u00e9xito de fecundaci\u00f3n, pueden causar algunos retrasos en la entrega de las reinas (especialmente las fecundadas).[\/vc_column_text][\/vc_column][\/vc_row]\n","protected":false},"excerpt":{"rendered":"<p>[vc_row][vc_column][vc_column_text css=&#8221;.vc_custom_1731070835899{margin-bottom: 0px !important;}&#8221;] Condiciones de Venta Los pedidos se entregan respetando el principio de \u201cprimer pedido, primera entrega\u201d y \u201c\u00faltimo pedido, \u00faltima entrega\u201d. Para pedidos de reinas fecundadas, se recomienda consultar su disponibilidad para las fechas seleccionadas. En caso de muerte de una o m\u00e1s reinas durante el transporte, es necesario proporcionar pruebas mediante [&hellip;]<\/p>\n","protected":false},"author":1,"featured_media":0,"parent":0,"menu_order":0,"comment_status":"closed","ping_status":"closed","template":"","meta":{"inline_featured_image":false,"_joinchat":[],"footnotes":""},"class_list":["post-1001476","page","type-page","status-publish","hentry"],"_links":{"self":[{"href":"https:\/\/valedorosmaninho.com\/es\/wp-json\/wp\/v2\/pages\/1001476","targetHints":{"allow":["GET"]}}],"collection":[{"href":"https:\/\/valedorosmaninho.com\/es\/wp-json\/wp\/v2\/pages"}],"about":[{"href":"https:\/\/valedorosmaninho.com\/es\/wp-json\/wp\/v2\/types\/page"}],"author":[{"embeddable":true,"href":"https:\/\/valedorosmaninho.com\/es\/wp-json\/wp\/v2\/users\/1"}],"replies":[{"embeddable":true,"href":"https:\/\/valedorosmaninho.com\/es\/wp-json\/wp\/v2\/comments?post=1001476"}],"version-history":[{"count":9,"href":"https:\/\/valedorosmaninho.com\/es\/wp-json\/wp\/v2\/pages\/1001476\/revisions"}],"predecessor-version":[{"id":1011642,"href":"https:\/\/valedorosmaninho.com\/es\/wp-json\/wp\/v2\/pages\/1001476\/revisions\/1011642"}],"wp:attachment":[{"href":"https:\/\/valedorosmaninho.com\/es\/wp-json\/wp\/v2\/media?parent=1001476"}],"curies":[{"name":"wp","href":"https:\/\/api.w.org\/{rel}","templated":true}]}}