{"id":1001532,"date":"2016-10-27T11:57:03","date_gmt":"2016-10-27T11:57:03","guid":{"rendered":"http:\/\/www.valedorosmaninho.com\/?page_id=1001532"},"modified":"2016-10-27T13:42:46","modified_gmt":"2016-10-27T13:42:46","slug":"apresentacao","status":"publish","type":"page","link":"https:\/\/valedorosmaninho.com\/es\/quem-somos\/apresentacao\/","title":{"rendered":"Apresenta\u00e7\u00e3o"},"content":{"rendered":"[vc_row expanded=&#8221;2&#8243; background_style=&#8221;cover&#8221; font_color=&#8221;#ffffff&#8221; css=&#8221;.vc_custom_1431897358613{margin-top: -65px !important;margin-bottom: 0px !important;padding-top: 70px !important;padding-bottom: 70px !important;background-color: #35495d !important;background-position: center !important;background-repeat: no-repeat !important;background-size: cover !important;}&#8221;][vc_column][vc_empty_space height=&#8221;22px&#8221;][vc_row_inner][vc_column_inner width=&#8221;1\/3&#8243;][vc_column_text]\n<p style=\"text-align: justify;\"><span style=\"color: #ffffff;\">O \u201cVale do Rosmaninho\u201d nasceu de forma natural, quando Jo\u00e3o Tom\u00e9, na altura Eng. Agro-Florestal de profiss\u00e3o, sentiu a necessidade de partilhar as suas experi\u00eancias enquanto apicultor amador, no seu blog (valedorosmaninho.blogspot.com).<\/span><\/p>\n<p style=\"text-align: justify;\"><span style=\"color: #ffffff;\">A paix\u00e3o pelas abelhas foi heran\u00e7a familiar, pois o seu pai tamb\u00e9m \u00e9 apicultor, e j\u00e1 em crian\u00e7a o ajudava a apanhar enxames, limpar quadros, etc.<\/span><\/p>\n<p style=\"text-align: justify;\"><span style=\"color: #ffffff;\">Ao longo de v\u00e1rios anos partilhou no seu blog as suas experi\u00eancias ap\u00edcolas, principalmente na cria\u00e7\u00e3o e selec\u00e7\u00e3o de abelhas rainhas, uma \u00e1rea que sempre lhe despertou grande curiosidade e entusiasmo.<\/span><\/p>\n<p style=\"text-align: justify;\"><span style=\"color: #ffffff;\">A profiss\u00e3o que exercia, era bastante exigente e de grande responsabilidade, pertencendo a uma equipa de \u201cElite\u201d dos servi\u00e7os florestais (Grupo de An\u00e1lise e Uso do Fogo, GAUF), tendo-se especializado e trabalhado nos Estados Unidos da Am\u00e9rica, Austr\u00e1lia e \u00c1frica do Sul, nutrindo tamb\u00e9m uma grande paix\u00e3o por esta \u00e1rea.<\/span><\/p>\n<p style=\"text-align: justify;\"><span style=\"color: #ffffff;\">Contudo a paix\u00e3o que nutria pelas abelhas foi sendo cada vez mais forte, ao ponto de vir a substituir e ter de abdicar da carreira que tinha constru\u00eddo e investido ao longo de v\u00e1rios anos, dedicando-se neste momento em exclusivo \u00e0 apicultura.<\/span><\/p>\n[\/vc_column_text][\/vc_column_inner][vc_column_inner width=&#8221;1\/3&#8243;][vc_column_text]\n<p style=\"text-align: justify;\"><span style=\"color: #ffffff;\">No sector ap\u00edcola, foram tamb\u00e9m j\u00e1 v\u00e1rias as experi\u00eancias e forma\u00e7\u00f5es que efectuou, de forma a enriquecer os seus conhecimentos no maneio de abelhas e cria\u00e7\u00e3o de rainhas, dos quais se destacam:<\/span><\/p>\n<p style=\"text-align: justify;\"><span style=\"color: #ffffff;\">&#8211; 2009: Curso de Cria\u00e7\u00e3o de rainhas (35 horas), na Associa\u00e7\u00e3o de Apicultores do Alto Alentejo. Apilegre;<\/span><\/p>\n<p style=\"text-align: justify;\"><span style=\"color: #ffffff;\">\u00a0&#8211; 2012: Visita \u00e0 Explora\u00e7\u00e3o profissional de cria\u00e7\u00e3o de rainhas de Gilles Fert, na Fran\u00e7a, sendo um dos maiores criadores de rainhas da Europa;<\/span><\/p>\n<p style=\"text-align: justify;\"><span style=\"color: #ffffff;\">\u00a0&#8211; 2013: Visita e voluntariado durante uma semana na Explora\u00e7\u00e3o profissional de rainhas de Orosman Burgue\u00f1o, em Espanha, sendo um dos maiores criadores de rainhas da Europa;<\/span><\/p>\n<p style=\"text-align: justify;\"><span style=\"color: #ffffff;\">\u00a0&#8211; 2013: Participa\u00e7\u00e3o na Apimondia na Ucr\u00e2nia;<\/span><\/p>\n<p style=\"text-align: justify;\"><span style=\"color: #ffffff;\">\u00a0&#8211; 2015: Viagem durante 15 dias \u00e0 Calif\u00f3rnia, nos Estados Unidos da Am\u00e9rica, tendo visitado 7 das maiores explora\u00e7\u00f5es de cria\u00e7\u00e3o de rainhas do Mundo, tendo inclusivamente visitado a maior do Mundo, que cria 270 mil rainhas fecundadas por ano.<\/span><\/p>\n<p style=\"text-align: justify;\"><span style=\"color: #ffffff;\">\u00a0&#8211; 2015: Convite pela Dra. Alice Pinto do IPCB a participar no projecto internacional Alem\u00e3o <a href=\"http:\/\/www.smartbees-fp7.eu\/\" target=\"_blank\" rel=\"noopener\">&#8220;SMART BEES&#8221;<\/a>. Um protejo de selec\u00e7\u00e3o gen\u00e9tica de ra\u00e7as aut\u00f3ctones, do qual faz parte e possu\u00ed v\u00e1rias col\u00f3nias sujeitas ao processo de selec\u00e7\u00e3o gen\u00e9tica da ra\u00e7a\u00a0Apis Mellifera Iberiensis.<\/span><\/p>\n[\/vc_column_text][\/vc_column_inner][vc_column_inner width=&#8221;1\/3&#8243;][vc_column_text]\n<p style=\"text-align: justify;\"><span style=\"color: #ffffff;\">A apicultura, foi uma paix\u00e3o que amadureceu, transformando, o \u201cVale do Rosmaninho\u201d\u2026 que deixou de ser um \u201cblog\u201d de apicultura e passou a ser uma \u201cmarca\u201d de refer\u00eancia nacional.<\/span><\/p>\n<p style=\"text-align: justify;\"><span style=\"color: #ffffff;\">\u00c9 uma explora\u00e7\u00e3o ap\u00edcola que se tem destacado e especializado na cria\u00e7\u00e3o e selec\u00e7\u00e3o de material vivo, estando neste momento dedicados \u00e0 selec\u00e7\u00e3o de abelhas da ra\u00e7a Ib\u00e9rica \u201c<em>Apis mell\u00edfera iberiensis<\/em>\u201d.<\/span><\/p>\n<p style=\"text-align: justify;\"><span style=\"color: #ffffff;\">Presentemente a explora\u00e7\u00e3o gere cerca de 1000 col\u00f3nias de abelhas, crescendo anualmente, e trabalhando em exclusivo para a produ\u00e7\u00e3o de abelhas rainhas e enxames.<\/span><\/p>\n<p style=\"text-align: justify;\"><span style=\"color: #ffffff;\">Jo\u00e3o Tom\u00e9, \u00e9 casado com T\u00e2nia Pinto, Engenheira Alimentar, que trata de todos os processos de controlo e garantia de qualidade dos produtos.<\/span><\/p>\n<p style=\"text-align: justify;\">.<\/p>\n<p style=\"text-align: justify;\"><span style=\"color: #ffffff;\">\u201c<strong>Vale do Rosmaninho<\/strong>\u201d, pretende continuar a tra\u00e7ar um rumo na apicultura nacional, praticando uma apicultura moderna e vanguardista. O seu trabalho est\u00e1 assente em princ\u00edpios como a honestidade e seriedade, pilares fundamentais que t\u00eam mantido a confian\u00e7a dos seus clientes.<\/span><\/p>\n[\/vc_column_text][\/vc_column_inner][\/vc_row_inner][\/vc_column][\/vc_row][vc_row expanded=&#8221;1&#8243; background_style=&#8221;cover&#8221; css=&#8221;.vc_custom_1430298430420{margin-top: 0px !important;margin-bottom: 0px !important;}&#8221;][vc_column css=&#8221;.vc_custom_1414649813642{padding-right: 0px !important;padding-left: 0px !important;}&#8221;][dt_separator layout_type=&#8221;5&#8243; separator_color=&#8221;#36495c&#8221; separator_background_color=&#8221;rgba(0,0,0,0.01)&#8221;][\/vc_column][\/vc_row][vc_row expanded=&#8221;2&#8243; background_style=&#8221;fixed&#8221; font_color=&#8221;#ffffff&#8221; background_image=&#8221;1000035&#8243; css=&#8221;.vc_custom_1431895305084{margin-top: -100px !important;margin-bottom: -150px !important;padding-top: 150px !important;padding-bottom: 150px !important;background-image: url(http:\/\/www.valedorosmaninho.com\/wp-content\/uploads\/2015\/04\/0022.jpg?id=1000035) !important;}&#8221;][vc_column][vc_empty_space height=&#8221;300px&#8221;][\/vc_column][\/vc_row][vc_row expanded=&#8221;1&#8243; background_style=&#8221;cover&#8221; css=&#8221;.vc_custom_1431776827418{margin-top: -100px !important;}&#8221;][vc_column css=&#8221;.vc_custom_1414649823362{padding-right: 0px !important;padding-left: 0px !important;}&#8221;][dt_separator layout_type=&#8221;5&#8243; separator_color=&#8221;rgba(30,115,190,0.01)&#8221; separator_background_color=&#8221;#35495d&#8221;][\/vc_column][\/vc_row][vc_row background_style=&#8221;cover&#8221;][vc_column][vc_row_inner][vc_column_inner][section_header use_decoration=&#8221;1&#8243; main_heading=&#8221;A Equipa&#8230;&#8221; font_size=&#8221;large&#8221; font_weight=&#8221;bold&#8221; color=&#8221;#35495d&#8221; separator_color=&#8221;#35495d&#8221; layout_type=&#8221;section-heading-thin-border&#8221;][\/vc_column_inner][\/vc_row_inner][\/vc_column][\/vc_row][vc_row background_style=&#8221;cover&#8221; css=&#8221;.vc_custom_1431894097357{margin-bottom: -50px !important;padding-bottom: 50px !important;}&#8221;][vc_column width=&#8221;7\/12&#8243;][vc_row_inner][vc_column_inner width=&#8221;1\/3&#8243;][vc_single_image image=&#8221;1000075&#8243; img_size=&#8221;full&#8221; alignment=&#8221;center&#8221; style=&#8221;vc_box_circle&#8221; css_animation=&#8221;appear&#8221; el_class=&#8221;circle-image&#8221;][\/vc_column_inner][vc_column_inner width=&#8221;2\/3&#8243;][vc_column_text css=&#8221;.vc_custom_1430318391154{margin-bottom: 0px !important;}&#8221;]\n<p style=\"text-align: left;\"><span style=\"color: #f28d23;\"><b>JO\u00c3O TOM\u00c9<\/b><\/span><\/p>\n[\/vc_column_text][vc_column_text css_animation=&#8221;appear&#8221; css=&#8221;.vc_custom_1475493501801{margin-top: 20px !important;}&#8221;]\n<p style=\"text-align: justify;\"><span style=\"color: #35495d;\">Ser apicultor \u00e9 algo que n\u00e3o se escolhe, &#8220;sente-se&#8221;! \u00c9 preciso gostar daquilo que se faz e ter paix\u00e3o pelas abelhas e esp\u00edrito de sacrif\u00edcio, pois \u00e9 um trabalho muito exigente.<\/span><br \/>\n<span style=\"color: #35495d;\">Nos dias de hoje, ser apicultor \u00e9 muito mais do que tratar de abelhas e &#8220;colher&#8221; os seus produtos. \u00c9 necess\u00e1rio sermos bi\u00f3logos, entomologistas, engenheiros, veterin\u00e1rios, carpinteiros, bot\u00e2nicos, meteorologistas, etc, etc, pois nos dias de hoje trabalhar com abelhas \u00e9 um grande desafio, dadas as dificuldades cada vez maiores em mant\u00ea-las vivas e em produ\u00e7\u00e3o.<\/span><br \/>\n<span style=\"color: #35495d;\">A apicultura \u00e9 uma paix\u00e3o. Trabalhar com abelhas \u00e9 uma realiza\u00e7\u00e3o pessoal, principalmente quando sentimos que estamos a fazer um bom trabalho e somos reconhecidos por isso.<\/span><\/p>\n[\/vc_column_text][\/vc_column_inner][\/vc_row_inner][\/vc_column][vc_column width=&#8221;5\/12&#8243;][vc_row_inner][vc_column_inner width=&#8221;1\/2&#8243;][vc_single_image image=&#8221;1000072&#8243; img_size=&#8221;full&#8221; alignment=&#8221;center&#8221; style=&#8221;vc_box_rounded&#8221; css_animation=&#8221;appear&#8221; el_class=&#8221;circle-image&#8221;][\/vc_column_inner][vc_column_inner width=&#8221;1\/2&#8243;][vc_column_text css=&#8221;.vc_custom_1430318418049{margin-bottom: 0px !important;}&#8221;]\n<p style=\"text-align: left;\"><span style=\"color: #f28d23;\"><b>T\u00c2NIA PINTO<\/b><\/span><\/p>\n[\/vc_column_text][vc_column_text css_animation=&#8221;appear&#8221; css=&#8221;.vc_custom_1475493527193{margin-top: 20px !important;}&#8221;]\n<p style=\"text-align: justify;\"><span style=\"color: #35495d;\">A apicultura surgiu na minha vida atrav\u00e9s do meu marido. Foi uma surpresa conhecer este &#8220;mundo&#8221;, pois nunca imaginei que a vida das abelhas fosse t\u00e3o complexa, sendo um trabalho bastante interessante e enriquecedor.<\/span><br \/>\n<span style=\"color: #35495d;\">\u00c9 um prazer poder dar o meu contributo pessoal neste mundo fascinante das abelhas!<\/span><\/p>\n[\/vc_column_text][\/vc_column_inner][\/vc_row_inner][\/vc_column][\/vc_row]\n","protected":false},"excerpt":{"rendered":"<p>[vc_row expanded=&#8221;2&#8243; background_style=&#8221;cover&#8221; font_color=&#8221;#ffffff&#8221; css=&#8221;.vc_custom_1431897358613{margin-top: -65px !important;margin-bottom: 0px !important;padding-top: 70px !important;padding-bottom: 70px !important;background-color: #35495d !important;background-position: center !important;background-repeat: no-repeat !important;background-size: cover !important;}&#8221;][vc_column][vc_empty_space height=&#8221;22px&#8221;][vc_row_inner][vc_column_inner width=&#8221;1\/3&#8243;][vc_column_text] O \u201cVale do Rosmaninho\u201d nasceu de forma natural, quando Jo\u00e3o Tom\u00e9, na altura Eng. Agro-Florestal de profiss\u00e3o, sentiu a necessidade de partilhar as suas experi\u00eancias enquanto apicultor amador, no seu blog (valedorosmaninho.blogspot.com). [&hellip;]<\/p>\n","protected":false},"author":1,"featured_media":0,"parent":142,"menu_order":0,"comment_status":"closed","ping_status":"closed","template":"fullwidth.php","meta":{"inline_featured_image":false,"_joinchat":[],"footnotes":""},"class_list":["post-1001532","page","type-page","status-publish","hentry"],"_links":{"self":[{"href":"https:\/\/valedorosmaninho.com\/es\/wp-json\/wp\/v2\/pages\/1001532","targetHints":{"allow":["GET"]}}],"collection":[{"href":"https:\/\/valedorosmaninho.com\/es\/wp-json\/wp\/v2\/pages"}],"about":[{"href":"https:\/\/valedorosmaninho.com\/es\/wp-json\/wp\/v2\/types\/page"}],"author":[{"embeddable":true,"href":"https:\/\/valedorosmaninho.com\/es\/wp-json\/wp\/v2\/users\/1"}],"replies":[{"embeddable":true,"href":"https:\/\/valedorosmaninho.com\/es\/wp-json\/wp\/v2\/comments?post=1001532"}],"version-history":[{"count":4,"href":"https:\/\/valedorosmaninho.com\/es\/wp-json\/wp\/v2\/pages\/1001532\/revisions"}],"predecessor-version":[{"id":1001543,"href":"https:\/\/valedorosmaninho.com\/es\/wp-json\/wp\/v2\/pages\/1001532\/revisions\/1001543"}],"up":[{"embeddable":true,"href":"https:\/\/valedorosmaninho.com\/es\/wp-json\/wp\/v2\/pages\/142"}],"wp:attachment":[{"href":"https:\/\/valedorosmaninho.com\/es\/wp-json\/wp\/v2\/media?parent=1001532"}],"curies":[{"name":"wp","href":"https:\/\/api.w.org\/{rel}","templated":true}]}}