{"id":1003113,"date":"2019-03-12T12:16:58","date_gmt":"2019-03-12T12:16:58","guid":{"rendered":"http:\/\/www.valedorosmaninho.com\/produto\/nosevit-1000ml\/"},"modified":"2026-03-03T15:40:01","modified_gmt":"2026-03-03T15:40:01","slug":"nosevit-1000ml","status":"publish","type":"product","link":"https:\/\/valedorosmaninho.com\/es\/produto\/nosevit-1000ml\/","title":{"rendered":"Nosevit 1000ML"},"content":{"rendered":"","protected":false},"excerpt":{"rendered":"<p>Producto natural a base de extractos de plantas, con vitaminas, aceites esenciales y \u00e1cido c\u00edtrico para el tratamiento y la prevenci\u00f3n de Nosema.<\/p>\n<p>Reducci\u00f3n del 50% (media general del colmenar) de la infestaci\u00f3n por Nosema, con algunas colonias reduciendo casi todas las esporas.<\/p>\n<p>Disponible en botellas de 200 ml, 500 ml y 1000 ml.<\/p>\n<p>A los precios se a\u00f1ade el 6% de IVA y los gastos de env\u00edo.<\/p>\n<p><a href=\"https:\/\/valedorosmaninho.com\/wp-content\/uploads\/2024\/12\/nozevit-espanol.docx.pdf\" target=\"_blank\" rel=\"noopener\">Ficha T\u00e9cnica<\/a><\/p>\n","protected":false},"featured_media":1002356,"comment_status":"closed","ping_status":"closed","template":"","meta":{"inline_featured_image":false,"_joinchat":[]},"product_brand":[],"product_cat":[44],"product_tag":[],"class_list":{"0":"post-1003113","1":"product","2":"type-product","3":"status-publish","4":"has-post-thumbnail","6":"product_cat-alimentacao-apicola","8":"first","9":"outofstock","10":"taxable","11":"shipping-taxable","12":"purchasable","13":"product-type-simple"},"_links":{"self":[{"href":"https:\/\/valedorosmaninho.com\/es\/wp-json\/wp\/v2\/product\/1003113","targetHints":{"allow":["GET"]}}],"collection":[{"href":"https:\/\/valedorosmaninho.com\/es\/wp-json\/wp\/v2\/product"}],"about":[{"href":"https:\/\/valedorosmaninho.com\/es\/wp-json\/wp\/v2\/types\/product"}],"replies":[{"embeddable":true,"href":"https:\/\/valedorosmaninho.com\/es\/wp-json\/wp\/v2\/comments?post=1003113"}],"wp:featuredmedia":[{"embeddable":true,"href":"https:\/\/valedorosmaninho.com\/es\/wp-json\/wp\/v2\/media\/1002356"}],"wp:attachment":[{"href":"https:\/\/valedorosmaninho.com\/es\/wp-json\/wp\/v2\/media?parent=1003113"}],"wp:term":[{"taxonomy":"product_brand","embeddable":true,"href":"https:\/\/valedorosmaninho.com\/es\/wp-json\/wp\/v2\/product_brand?post=1003113"},{"taxonomy":"product_cat","embeddable":true,"href":"https:\/\/valedorosmaninho.com\/es\/wp-json\/wp\/v2\/product_cat?post=1003113"},{"taxonomy":"product_tag","embeddable":true,"href":"https:\/\/valedorosmaninho.com\/es\/wp-json\/wp\/v2\/product_tag?post=1003113"}],"curies":[{"name":"wp","href":"https:\/\/api.w.org\/{rel}","templated":true}]}}