{"id":1006830,"date":"2021-11-18T12:09:49","date_gmt":"2021-11-18T12:09:49","guid":{"rendered":"https:\/\/valedorosmaninho.com\/?post_type=product&#038;p=1006830"},"modified":"2026-02-04T16:52:14","modified_gmt":"2026-02-04T16:52:14","slug":"nozevit-plus-50-ml","status":"publish","type":"product","link":"https:\/\/valedorosmaninho.com\/es\/produto\/nozevit-plus-50-ml\/","title":{"rendered":"Nozevit Plus 50 ml"},"content":{"rendered":"","protected":false},"excerpt":{"rendered":"<p>Producto natural a base de extractos vegetales, con vitaminas, aceites esenciales y \u00e1cido c\u00edtrico para el tratamiento y la prevenci\u00f3n de la Nosemosis.<\/p>\n<p>Reducci\u00f3n del 50% (promedio general del apiario) de la infestaci\u00f3n por Nosema, con colonias donde se reduce casi en su totalidad la presencia de esporas.<\/p>\n<p>Disponible en frascos de 200 ml, 500 ml y 1000 ml.<\/p>\n<p>A los valores se a\u00f1ade un IVA del 6% y gastos de env\u00edo.<\/p>\n<p><a href=\"https:\/\/valedorosmaninho.com\/wp-content\/uploads\/2024\/12\/nozevit-espanol.docx.pdf\" target=\"_blank\" rel=\"noopener\">Ficha T\u00e9cnica<\/a><\/p>\n","protected":false},"featured_media":1002356,"comment_status":"closed","ping_status":"closed","template":"","meta":{"inline_featured_image":false,"_joinchat":[]},"product_brand":[],"product_cat":[44],"product_tag":[71,68,67,66,70,69],"class_list":{"0":"post-1006830","1":"product","2":"type-product","3":"status-publish","4":"has-post-thumbnail","6":"product_cat-alimentacao-apicola","7":"product_tag-acido-citrico","8":"product_tag-nozevit","9":"product_tag-nozevit-plus","10":"product_tag-nozevit-plus-200-ml","11":"product_tag-oleos-essenciais","12":"product_tag-vitaminas","14":"first","15":"outofstock","16":"taxable","17":"shipping-taxable","18":"purchasable","19":"product-type-simple"},"_links":{"self":[{"href":"https:\/\/valedorosmaninho.com\/es\/wp-json\/wp\/v2\/product\/1006830","targetHints":{"allow":["GET"]}}],"collection":[{"href":"https:\/\/valedorosmaninho.com\/es\/wp-json\/wp\/v2\/product"}],"about":[{"href":"https:\/\/valedorosmaninho.com\/es\/wp-json\/wp\/v2\/types\/product"}],"replies":[{"embeddable":true,"href":"https:\/\/valedorosmaninho.com\/es\/wp-json\/wp\/v2\/comments?post=1006830"}],"wp:featuredmedia":[{"embeddable":true,"href":"https:\/\/valedorosmaninho.com\/es\/wp-json\/wp\/v2\/media\/1002356"}],"wp:attachment":[{"href":"https:\/\/valedorosmaninho.com\/es\/wp-json\/wp\/v2\/media?parent=1006830"}],"wp:term":[{"taxonomy":"product_brand","embeddable":true,"href":"https:\/\/valedorosmaninho.com\/es\/wp-json\/wp\/v2\/product_brand?post=1006830"},{"taxonomy":"product_cat","embeddable":true,"href":"https:\/\/valedorosmaninho.com\/es\/wp-json\/wp\/v2\/product_cat?post=1006830"},{"taxonomy":"product_tag","embeddable":true,"href":"https:\/\/valedorosmaninho.com\/es\/wp-json\/wp\/v2\/product_tag?post=1006830"}],"curies":[{"name":"wp","href":"https:\/\/api.w.org\/{rel}","templated":true}]}}