{"id":1010368,"date":"2024-01-08T16:27:40","date_gmt":"2024-01-08T16:27:40","guid":{"rendered":"https:\/\/valedorosmaninho.com\/?post_type=product&#038;p=1010368"},"modified":"2024-12-09T11:37:46","modified_gmt":"2024-12-09T11:37:46","slug":"microsoja-5kg","status":"publish","type":"product","link":"https:\/\/valedorosmaninho.com\/es\/produto\/microsoja-5kg\/","title":{"rendered":"MICROSOJA 5KG"},"content":{"rendered":"","protected":false},"excerpt":{"rendered":"<p><b>Pedidos superiores a 20 bolsas solicitar presupuesto por email (encomendas@valedorosmaninho.com)<\/b><\/p>\n<p>Concentrado proteico de soja de origen no transg\u00e9nico (NO OGM), micronizado, con un 65% de prote\u00ednas y un aminograma equilibrado.<\/p>\n<p>El 95% de las part\u00edculas tienen un tama\u00f1o inferior a 180 micras, lo que la convierte en una harina especialmente dise\u00f1ada para las abejas y muy atractiva incluso cuando se utiliza en polvo.<\/p>\n<p>Un producto \u00fanico en el mercado, recomendado para mezclar en pastas proteicas o administrar como polvo en comederos externos.<\/p>\n<p><b>A los precios se a\u00f1ade el 6% de IVA y los gastos de env\u00edo.<\/b><\/p>\n<p><a href=\"http:\/\/www.valedorosmaninho.com\/wp-content\/uploads\/2019\/10\/F.T.-MICROSOJA-200-PORT.pdf\" target=\"_blank\" rel=\"noopener noreferrer\">Ficha T\u00e9cnica<\/a><\/p>\n","protected":false},"featured_media":1010369,"comment_status":"closed","ping_status":"closed","template":"","meta":{"inline_featured_image":false,"_joinchat":[]},"product_brand":[],"product_cat":[44],"product_tag":[52,55,51,54,53],"class_list":{"0":"post-1010368","1":"product","2":"type-product","3":"status-publish","4":"has-post-thumbnail","6":"product_cat-alimentacao-apicola","7":"product_tag-concentrado-de-proteina-de-soja","8":"product_tag-microsoja","9":"product_tag-microsoja200","10":"product_tag-proteina","11":"product_tag-soja","13":"first","14":"instock","15":"taxable","16":"shipping-taxable","17":"purchasable","18":"product-type-simple"},"_links":{"self":[{"href":"https:\/\/valedorosmaninho.com\/es\/wp-json\/wp\/v2\/product\/1010368","targetHints":{"allow":["GET"]}}],"collection":[{"href":"https:\/\/valedorosmaninho.com\/es\/wp-json\/wp\/v2\/product"}],"about":[{"href":"https:\/\/valedorosmaninho.com\/es\/wp-json\/wp\/v2\/types\/product"}],"replies":[{"embeddable":true,"href":"https:\/\/valedorosmaninho.com\/es\/wp-json\/wp\/v2\/comments?post=1010368"}],"wp:featuredmedia":[{"embeddable":true,"href":"https:\/\/valedorosmaninho.com\/es\/wp-json\/wp\/v2\/media\/1010369"}],"wp:attachment":[{"href":"https:\/\/valedorosmaninho.com\/es\/wp-json\/wp\/v2\/media?parent=1010368"}],"wp:term":[{"taxonomy":"product_brand","embeddable":true,"href":"https:\/\/valedorosmaninho.com\/es\/wp-json\/wp\/v2\/product_brand?post=1010368"},{"taxonomy":"product_cat","embeddable":true,"href":"https:\/\/valedorosmaninho.com\/es\/wp-json\/wp\/v2\/product_cat?post=1010368"},{"taxonomy":"product_tag","embeddable":true,"href":"https:\/\/valedorosmaninho.com\/es\/wp-json\/wp\/v2\/product_tag?post=1010368"}],"curies":[{"name":"wp","href":"https:\/\/api.w.org\/{rel}","templated":true}]}}