{"id":1012218,"date":"2026-02-24T01:03:17","date_gmt":"2026-02-24T01:03:17","guid":{"rendered":"https:\/\/valedorosmaninho.com\/?post_type=product&#038;p=1012218"},"modified":"2026-03-05T15:31:47","modified_gmt":"2026-03-05T15:31:47","slug":"apiforte-10lt","status":"publish","type":"product","link":"https:\/\/valedorosmaninho.com\/es\/produto\/apiforte-10lt\/","title":{"rendered":"APIFORTE 10lt"},"content":{"rendered":"","protected":false},"excerpt":{"rendered":"<p>APIFORTE es un suplemento complementario para abejas que favorece el desarrollo de una cr\u00eda sana y fuerte. APIFORTE se basa en un extracto natural de una prote\u00edna extra\u00edda del huevo, con una elevada capacidad antibacteriana y antif\u00fangica. Esta prote\u00edna de alta actividad se encuentra de forma natural en la clara del huevo y es similar a otras prote\u00ednas que las abejas utilizan en su defensa natural contra las enfermedades. Minimiza la aparici\u00f3n de loques y ascosferiosis, manteniendo la colonia con mucho vigor, con resultados sorprendentes. El producto ha sido desarrollado a partir de estudios realizados en la Universidad de Graz (Austria).<\/p>\n<p>MODO DE EMPLEO: Se recomienda su aplicaci\u00f3n 2 o 3 veces al a\u00f1o, diluido en jarabe de az\u00facar. La primera aplicaci\u00f3n es m\u00e1s eficaz en primavera, cuando la nutrici\u00f3n es deficiente y hay una mayor susceptibilidad a las infecciones, combinada con el inicio del crecimiento de la poblaci\u00f3n. La segunda aplicaci\u00f3n debe realizarse a finales de verano, principios de oto\u00f1o o despu\u00e9s del pico de producci\u00f3n de miel.<br \/>\nSe recomienda la aplicaci\u00f3n 3 veces al a\u00f1o (con un intervalo m\u00ednimo de 2 a 3 meses entre aplicaciones) en todos los lugares del colmenar, siempre que haya indicios de infecci\u00f3n o sospecha\/riesgo de infecci\u00f3n en la cr\u00eda.<\/p>\n<p>FORMA DE APLICACI\u00d3N: En el alimentador o pulverizado sobre los panales.<br \/>\nDOSIS: Si se necesitan 2 aplicaciones al a\u00f1o, se recomienda utilizar 100 ml\/litro de jarabe de az\u00facar. Para 3 aplicaciones al a\u00f1o, se recomienda utilizar al menos 60 ml del producto diluido en 1 L de jarabe de az\u00facar. Para los criadores de reinas se debe aplicar 100 ml\/l de jarabe cada medio mes.<\/p>\n<p>Se debe agregar el IVA al 6% y los gastos de env\u00edo.<\/p>\n","protected":false},"featured_media":1012219,"comment_status":"open","ping_status":"closed","template":"","meta":{"inline_featured_image":false,"_joinchat":[]},"product_brand":[],"product_cat":[44],"product_tag":[],"class_list":{"0":"post-1012218","1":"product","2":"type-product","3":"status-publish","4":"has-post-thumbnail","6":"product_cat-alimentacao-apicola","8":"first","9":"instock","10":"taxable","11":"shipping-taxable","12":"purchasable","13":"product-type-simple"},"_links":{"self":[{"href":"https:\/\/valedorosmaninho.com\/es\/wp-json\/wp\/v2\/product\/1012218","targetHints":{"allow":["GET"]}}],"collection":[{"href":"https:\/\/valedorosmaninho.com\/es\/wp-json\/wp\/v2\/product"}],"about":[{"href":"https:\/\/valedorosmaninho.com\/es\/wp-json\/wp\/v2\/types\/product"}],"replies":[{"embeddable":true,"href":"https:\/\/valedorosmaninho.com\/es\/wp-json\/wp\/v2\/comments?post=1012218"}],"wp:featuredmedia":[{"embeddable":true,"href":"https:\/\/valedorosmaninho.com\/es\/wp-json\/wp\/v2\/media\/1012219"}],"wp:attachment":[{"href":"https:\/\/valedorosmaninho.com\/es\/wp-json\/wp\/v2\/media?parent=1012218"}],"wp:term":[{"taxonomy":"product_brand","embeddable":true,"href":"https:\/\/valedorosmaninho.com\/es\/wp-json\/wp\/v2\/product_brand?post=1012218"},{"taxonomy":"product_cat","embeddable":true,"href":"https:\/\/valedorosmaninho.com\/es\/wp-json\/wp\/v2\/product_cat?post=1012218"},{"taxonomy":"product_tag","embeddable":true,"href":"https:\/\/valedorosmaninho.com\/es\/wp-json\/wp\/v2\/product_tag?post=1012218"}],"curies":[{"name":"wp","href":"https:\/\/api.w.org\/{rel}","templated":true}]}}